{"id":82,"date":"2023-08-31T15:51:39","date_gmt":"2023-08-31T13:51:39","guid":{"rendered":"https:\/\/tapisserieparis.fr\/?page_id=82"},"modified":"2023-09-27T22:25:12","modified_gmt":"2023-09-27T20:25:12","slug":"tapissier-de-paris","status":"publish","type":"page","link":"https:\/\/tapisserieparis.fr\/","title":{"rendered":"Tapissier de paris"},"content":{"rendered":"<p>[et_pb_section fb_built=\u00a0\u00bb1&Prime; fullwidth=\u00a0\u00bbon\u00a0\u00bb _builder_version=\u00a0\u00bb3.0.89&Prime; custom_padding=\u00a0\u00bb0px|0px|0px|0px\u00a0\u00bb][et_pb_fullwidth_image src=\u00a0\u00bbhttp:\/\/tapisserieparis.fr\/wp-content\/uploads\/2023\/09\/Artisan-tapissier.png\u00a0\u00bb _builder_version=\u00a0\u00bb3.0.89&Prime; custom_margin=\u00a0\u00bb|||\u00a0\u00bb custom_padding=\u00a0\u00bb|||\u00a0\u00bb][\/et_pb_fullwidth_image][\/et_pb_section][et_pb_section fb_built=\u00a0\u00bb1&Prime; _builder_version=\u00a0\u00bb3.0.89&Prime; custom_padding=\u00a0\u00bb27px|0px|54px|0px\u00a0\u00bb][et_pb_row _builder_version=\u00a0\u00bb3.0.89&Prime;][et_pb_column type=\u00a0\u00bb4_4&Prime; _builder_version=\u00a0\u00bb3.0.89&Prime; parallax=\u00a0\u00bboff\u00a0\u00bb parallax_method=\u00a0\u00bbon\u00a0\u00bb][et_pb_text _builder_version=\u00a0\u00bb3.0.89&Prime; header_font=\u00a0\u00bbIM Fell Double Pica||on||||||\u00a0\u00bb header_font_size=\u00a0\u00bb100px\u00a0\u00bb header_text_color=\u00a0\u00bb#444444&Prime; header_letter_spacing=\u00a0\u00bb2px\u00a0\u00bb animation_style=\u00a0\u00bbfade\u00a0\u00bb animation_duration=\u00a0\u00bb4000ms\u00a0\u00bb animation_delay=\u00a0\u00bb1150ms\u00a0\u00bb]<\/p>\n<h1><span>L&rsquo;harmonie parfaite entre <span style=\"color: #99cc00;\">Confort<\/span>, <span style=\"color: #ff9900;\">Esth\u00e9tique<\/span> et <span style=\"color: #99ccff;\">M\u00e9tier d&rsquo;Art<\/span><\/span><\/h1>\n<p>[\/et_pb_text][\/et_pb_column][\/et_pb_row][et_pb_row custom_padding=\u00a0\u00bb27px|0px|83px|0px\u00a0\u00bb _builder_version=\u00a0\u00bb3.0.89&Prime;][et_pb_column type=\u00a0\u00bb1_2&Prime; _builder_version=\u00a0\u00bb3.0.89&Prime; parallax=\u00a0\u00bboff\u00a0\u00bb parallax_method=\u00a0\u00bbon\u00a0\u00bb][et_pb_text _builder_version=\u00a0\u00bb3.0.89&Prime; text_font=\u00a0\u00bbAlegreya||||||||\u00a0\u00bb text_font_size=\u00a0\u00bb21px\u00a0\u00bb text_text_color=\u00a0\u00bb#4c4c4c\u00a0\u00bb custom_padding=\u00a0\u00bb||60px|\u00a0\u00bb]<\/p>\n<p>Plongez dans l&rsquo;univers enchanteur de la d\u00e9coration int\u00e9rieure . Nous sommes bien plus qu&rsquo;un simple atelier de tapissier &#8211; nous sommes les gardiens de l&rsquo;histoire de vos meubles, les artistes qui insufflent une nouvelle vie \u00e0 vos espaces pr\u00e9f\u00e9r\u00e9s.<\/p>\n<p>Notre \u00e9quipe de tapissiers passionn\u00e9s allie comp\u00e9tence artisanale et flair cr\u00e9atif pour donner naissance \u00e0 des cr\u00e9ations qui transcendent le fonctionnel pour devenir des pi\u00e8ces ma\u00eetresses de votre int\u00e9rieur.<\/p>\n<p>Que vous souhaitiez restaurer un h\u00e9ritage familial ch\u00e9ri ou m\u00e9tamorphoser un meuble contemporain en une \u0153uvre d&rsquo;art pratique, nous mettons en \u0153uvre des techniques traditionnelles et des mat\u00e9riaux de qualit\u00e9 pour chaque projet.<\/p>\n<p>[\/et_pb_text][et_pb_text _builder_version=\u00a0\u00bb3.0.89&Prime; text_font=\u00a0\u00bbAlegreya||||||||\u00a0\u00bb text_font_size=\u00a0\u00bb21px\u00a0\u00bb text_text_color=\u00a0\u00bb#4c4c4c\u00a0\u00bb]<\/p>\n<h1>Les Services qui Marient Tradition et Innovation :<\/h1>\n<p>\u00a0<\/p>\n<ul>\n<li>Restauration minutieuse de meubles anciens<\/li>\n<li>R\u00e9fection experte de si\u00e8ges et canap\u00e9s<\/li>\n<li>Cr\u00e9ation sur mesure de housses et textiles<\/li>\n<li>S\u00e9lection m\u00e9ticuleuse de tissus haut de gamme<\/li>\n<li>Conseils avis\u00e9s en d\u00e9coration int\u00e9rieure<\/li>\n<\/ul>\n<p>Chaque pi\u00e8ce que nous cr\u00e9ons raconte une histoire, la v\u00f4tre. Notre atelier est un lieu o\u00f9 les id\u00e9es prennent vie sous la forme de textures somptueuses, de coutures pr\u00e9cises et de finitions impeccables. Nous croyons que l&rsquo;\u00e9l\u00e9gance intemporelle se trouve dans les d\u00e9tails et c&rsquo;est pourquoi chaque projet est trait\u00e9 avec le plus grand soin.<\/p>\n<p>[\/et_pb_text][\/et_pb_column][et_pb_column type=\u00a0\u00bb1_2&Prime; _builder_version=\u00a0\u00bb3.0.89&Prime; parallax=\u00a0\u00bboff\u00a0\u00bb parallax_method=\u00a0\u00bbon\u00a0\u00bb][et_pb_image src=\u00a0\u00bbhttp:\/\/tapisserieparis.fr\/wp-content\/uploads\/2023\/08\/Capture-decran-2023-08-31-a-15.01.34.jpg\u00a0\u00bb _builder_version=\u00a0\u00bb3.0.89&Prime; border_width_all=\u00a0\u00bb4px\u00a0\u00bb max_width=\u00a0\u00bb73%\u00a0\u00bb animation_style=\u00a0\u00bbfade\u00a0\u00bb animation_duration=\u00a0\u00bb6000ms\u00a0\u00bb animation_delay=\u00a0\u00bb2500ms\u00a0\u00bb][\/et_pb_image][et_pb_button button_text=\u00a0\u00bbContactez-nous\u00a0\u00bb button_alignment=\u00a0\u00bbleft\u00a0\u00bb _builder_version=\u00a0\u00bb3.0.89&Prime; custom_margin=\u00a0\u00bb120px|||70px\u00a0\u00bb custom_padding=\u00a0\u00bb|||\u00a0\u00bb custom_button=\u00a0\u00bbon\u00a0\u00bb button_text_size=\u00a0\u00bb24px\u00a0\u00bb button_text_color=\u00a0\u00bb#ffffff\u00a0\u00bb button_bg_color=\u00a0\u00bb#0c8fcc\u00a0\u00bb button_bg_color_gradient_start=\u00a0\u00bb#9b5017&Prime; button_bg_size=\u00a0\u00bbinitial\u00a0\u00bb button_bg_position=\u00a0\u00bbtop_left\u00a0\u00bb button_border_width=\u00a0\u00bb0px\u00a0\u00bb button_border_radius=\u00a0\u00bb57px\u00a0\u00bb button_letter_spacing=\u00a0\u00bb1px\u00a0\u00bb button_font=\u00a0\u00bbIM Fell DW Pica||on||||||\u00a0\u00bb button_icon=\u00a0\u00bb%%264%%\u00a0\u00bb button_icon_color=\u00a0\u00bb#ffffff\u00a0\u00bb button_on_hover=\u00a0\u00bboff\u00a0\u00bb button_text_color_hover=\u00a0\u00bb#ffffff\u00a0\u00bb button_border_radius_hover=\u00a0\u00bb42px\u00a0\u00bb button_letter_spacing_hover=\u00a0\u00bb3px\u00a0\u00bb button_url=\u00a0\u00bbhttps:\/\/tapisserieparis.fr\/?page_id=172&Prime;][\/et_pb_button][\/et_pb_column][\/et_pb_row][et_pb_row use_custom_width=\u00a0\u00bbon\u00a0\u00bb width_unit=\u00a0\u00bboff\u00a0\u00bb custom_width_percent=\u00a0\u00bb100%\u00a0\u00bb custom_padding=\u00a0\u00bb27px|0px|368px|0px\u00a0\u00bb _builder_version=\u00a0\u00bb3.0.89&Prime; background_image=\u00a0\u00bbhttp:\/\/tapisserieparis.fr\/wp-content\/uploads\/2023\/09\/pexels-oussama-bergaoui-3099309-scaled.jpg\u00a0\u00bb parallax=\u00a0\u00bbon\u00a0\u00bb][et_pb_column type=\u00a0\u00bb4_4&Prime; _builder_version=\u00a0\u00bb3.0.89&Prime; parallax=\u00a0\u00bboff\u00a0\u00bb parallax_method=\u00a0\u00bbon\u00a0\u00bb][et_pb_slider _builder_version=\u00a0\u00bb3.0.89&Prime;][\/et_pb_slider][\/et_pb_column][\/et_pb_row][et_pb_row custom_padding=\u00a0\u00bb95px|0px|27px|0px\u00a0\u00bb _builder_version=\u00a0\u00bb3.0.89&Prime;][et_pb_column type=\u00a0\u00bb4_4&Prime; _builder_version=\u00a0\u00bb3.0.89&Prime; parallax=\u00a0\u00bboff\u00a0\u00bb parallax_method=\u00a0\u00bbon\u00a0\u00bb][et_pb_text _builder_version=\u00a0\u00bb3.0.89&Prime; header_font=\u00a0\u00bbIM Fell Double Pica||on||||||\u00a0\u00bb header_font_size=\u00a0\u00bb60px\u00a0\u00bb header_text_color=\u00a0\u00bb#444444&Prime; header_letter_spacing=\u00a0\u00bb2px\u00a0\u00bb custom_padding=\u00a0\u00bb||60px|\u00a0\u00bb]<\/p>\n<h1>Que vous souhaitiez restaurer un h\u00e9ritage familial ch\u00e9ri ou m\u00e9tamorphoser un meuble contemporain en une \u0153uvre d&rsquo;art pratique, nous mettons en \u0153uvre des techniques traditionnelles et des mat\u00e9riaux de qualit\u00e9 pour chaque projet.<\/h1>\n<p>\u00a0<\/p>\n<p>[\/et_pb_text][\/et_pb_column][\/et_pb_row][\/et_pb_section]<\/p>\n","protected":false},"excerpt":{"rendered":"<p>[et_pb_section fb_built=\u00a0\u00bb1&Prime; fullwidth=\u00a0\u00bbon\u00a0\u00bb _builder_version=\u00a0\u00bb3.0.89&Prime; custom_padding=\u00a0\u00bb0px|0px|0px|0px\u00a0\u00bb][et_pb_fullwidth_image src=\u00a0\u00bbhttp:\/\/tapisserieparis.fr\/wp-content\/uploads\/2023\/09\/Artisan-tapissier.png\u00a0\u00bb _builder_version=\u00a0\u00bb3.0.89&Prime; custom_margin=\u00a0\u00bb|||\u00a0\u00bb custom_padding=\u00a0\u00bb|||\u00a0\u00bb][\/et_pb_fullwidth_image][\/et_pb_section][et_pb_section fb_built=\u00a0\u00bb1&Prime; _builder_version=\u00a0\u00bb3.0.89&Prime; custom_padding=\u00a0\u00bb27px|0px|54px|0px\u00a0\u00bb][et_pb_row _builder_version=\u00a0\u00bb3.0.89&Prime;][et_pb_column type=\u00a0\u00bb4_4&Prime; _builder_version=\u00a0\u00bb3.0.89&Prime; parallax=\u00a0\u00bboff\u00a0\u00bb parallax_method=\u00a0\u00bbon\u00a0\u00bb][et_pb_text _builder_version=\u00a0\u00bb3.0.89&Prime; header_font=\u00a0\u00bbIM Fell Double Pica||on||||||\u00a0\u00bb header_font_size=\u00a0\u00bb100px\u00a0\u00bb header_text_color=\u00a0\u00bb#444444&Prime; header_letter_spacing=\u00a0\u00bb2px\u00a0\u00bb animation_style=\u00a0\u00bbfade\u00a0\u00bb animation_duration=\u00a0\u00bb4000ms\u00a0\u00bb animation_delay=\u00a0\u00bb1150ms\u00a0\u00bb] L&rsquo;harmonie parfaite entre Confort, Esth\u00e9tique et M\u00e9tier d&rsquo;Art [\/et_pb_text][\/et_pb_column][\/et_pb_row][et_pb_row custom_padding=\u00a0\u00bb27px|0px|83px|0px\u00a0\u00bb _builder_version=\u00a0\u00bb3.0.89&Prime;][et_pb_column type=\u00a0\u00bb1_2&Prime; _builder_version=\u00a0\u00bb3.0.89&Prime; parallax=\u00a0\u00bboff\u00a0\u00bb parallax_method=\u00a0\u00bbon\u00a0\u00bb][et_pb_text _builder_version=\u00a0\u00bb3.0.89&Prime; text_font=\u00a0\u00bbAlegreya||||||||\u00a0\u00bb text_font_size=\u00a0\u00bb21px\u00a0\u00bb text_text_color=\u00a0\u00bb#4c4c4c\u00a0\u00bb custom_padding=\u00a0\u00bb||60px|\u00a0\u00bb] Plongez dans l&rsquo;univers enchanteur de la d\u00e9coration [&hellip;]<\/p>\n","protected":false},"author":1,"featured_media":0,"parent":0,"menu_order":0,"comment_status":"closed","ping_status":"closed","template":"","meta":{"footnotes":""},"class_list":["post-82","page","type-page","status-publish","hentry"],"_links":{"self":[{"href":"https:\/\/tapisserieparis.fr\/index.php?rest_route=\/wp\/v2\/pages\/82","targetHints":{"allow":["GET"]}}],"collection":[{"href":"https:\/\/tapisserieparis.fr\/index.php?rest_route=\/wp\/v2\/pages"}],"about":[{"href":"https:\/\/tapisserieparis.fr\/index.php?rest_route=\/wp\/v2\/types\/page"}],"author":[{"embeddable":true,"href":"https:\/\/tapisserieparis.fr\/index.php?rest_route=\/wp\/v2\/users\/1"}],"replies":[{"embeddable":true,"href":"https:\/\/tapisserieparis.fr\/index.php?rest_route=%2Fwp%2Fv2%2Fcomments&post=82"}],"version-history":[{"count":20,"href":"https:\/\/tapisserieparis.fr\/index.php?rest_route=\/wp\/v2\/pages\/82\/revisions"}],"predecessor-version":[{"id":182,"href":"https:\/\/tapisserieparis.fr\/index.php?rest_route=\/wp\/v2\/pages\/82\/revisions\/182"}],"wp:attachment":[{"href":"https:\/\/tapisserieparis.fr\/index.php?rest_route=%2Fwp%2Fv2%2Fmedia&parent=82"}],"curies":[{"name":"wp","href":"https:\/\/api.w.org\/{rel}","templated":true}]}}