{"id":184,"date":"2024-03-16T11:31:37","date_gmt":"2024-03-16T10:31:37","guid":{"rendered":"https:\/\/tapisserieparis.fr\/?page_id=184"},"modified":"2024-03-16T11:31:37","modified_gmt":"2024-03-16T10:31:37","slug":"nos-realisations","status":"publish","type":"page","link":"https:\/\/tapisserieparis.fr\/?page_id=184","title":{"rendered":"Nos r\u00e9alisations"},"content":{"rendered":"<p>[et_pb_section fb_built=\u00a0\u00bb1&Prime; fullwidth=\u00a0\u00bbon\u00a0\u00bb _builder_version=\u00a0\u00bb3.0.89&Prime; custom_padding=\u00a0\u00bb0px|0px|0px|0px\u00a0\u00bb][et_pb_fullwidth_image src=\u00a0\u00bbhttp:\/\/tapisserieparis.fr\/wp-content\/uploads\/2023\/09\/Artisan-tapissier.png\u00a0\u00bb _builder_version=\u00a0\u00bb3.0.89&Prime; custom_margin=\u00a0\u00bb|||\u00a0\u00bb custom_padding=\u00a0\u00bb|||\u00a0\u00bb][\/et_pb_fullwidth_image][\/et_pb_section][et_pb_section fb_built=\u00a0\u00bb1&Prime; _builder_version=\u00a0\u00bb3.0.89&Prime; custom_padding=\u00a0\u00bb27px|0px|54px|0px\u00a0\u00bb][et_pb_row _builder_version=\u00a0\u00bb3.0.89&Prime;][et_pb_column type=\u00a0\u00bb4_4&Prime; _builder_version=\u00a0\u00bb3.0.89&Prime; parallax=\u00a0\u00bboff\u00a0\u00bb parallax_method=\u00a0\u00bbon\u00a0\u00bb][et_pb_text _builder_version=\u00a0\u00bb3.0.89&Prime; header_font=\u00a0\u00bbPlayfair Display||||||||\u00a0\u00bb header_font_size=\u00a0\u00bb44px\u00a0\u00bb]<\/p>\n<h1>Nos r\u00e9alisations<\/h1>\n<p>[\/et_pb_text][et_pb_gallery gallery_ids=\u00a0\u00bb185,186,187,188,189,190,191,192,193,194,195,196,197,198,199,200,201,202,203,204,205,206,207,208,209,210,211,212,213,214,215,216,217,218,219,220,221,222,223&Prime; gallery_captions=\u00a0\u00bb,,,,,,,,,,,,,,,,,,,,,,,,,,,,,,,,,,,,,,\u00a0\u00bb posts_number=\u00a0\u00bb50&Prime; show_title_and_caption=\u00a0\u00bboff\u00a0\u00bb _builder_version=\u00a0\u00bb3.0.89&Prime;][\/et_pb_gallery][\/et_pb_column][\/et_pb_row][et_pb_row custom_padding=\u00a0\u00bb95px|0px|27px|0px\u00a0\u00bb _builder_version=\u00a0\u00bb3.0.89&Prime;][et_pb_column type=\u00a0\u00bb4_4&Prime; _builder_version=\u00a0\u00bb3.0.89&Prime; parallax=\u00a0\u00bboff\u00a0\u00bb parallax_method=\u00a0\u00bbon\u00a0\u00bb][et_pb_text _builder_version=\u00a0\u00bb3.0.89&Prime; header_font=\u00a0\u00bbIM Fell Double Pica||on||||||\u00a0\u00bb header_font_size=\u00a0\u00bb60px\u00a0\u00bb header_text_color=\u00a0\u00bb#444444&Prime; header_letter_spacing=\u00a0\u00bb2px\u00a0\u00bb custom_padding=\u00a0\u00bb||60px|\u00a0\u00bb]<\/p>\n<h1>Que vous souhaitiez restaurer un h\u00e9ritage familial ch\u00e9ri ou m\u00e9tamorphoser un meuble contemporain en une \u0153uvre d&rsquo;art pratique, nous mettons en \u0153uvre des techniques traditionnelles et des mat\u00e9riaux de qualit\u00e9 pour chaque projet.<\/h1>\n<p>\u00a0<\/p>\n<p>[\/et_pb_text][\/et_pb_column][\/et_pb_row][\/et_pb_section]<\/p>\n","protected":false},"excerpt":{"rendered":"<p>[et_pb_section fb_built=\u00a0\u00bb1&Prime; fullwidth=\u00a0\u00bbon\u00a0\u00bb _builder_version=\u00a0\u00bb3.0.89&Prime; custom_padding=\u00a0\u00bb0px|0px|0px|0px\u00a0\u00bb][et_pb_fullwidth_image src=\u00a0\u00bbhttp:\/\/tapisserieparis.fr\/wp-content\/uploads\/2023\/09\/Artisan-tapissier.png\u00a0\u00bb _builder_version=\u00a0\u00bb3.0.89&Prime; custom_margin=\u00a0\u00bb|||\u00a0\u00bb custom_padding=\u00a0\u00bb|||\u00a0\u00bb][\/et_pb_fullwidth_image][\/et_pb_section][et_pb_section fb_built=\u00a0\u00bb1&Prime; _builder_version=\u00a0\u00bb3.0.89&Prime; custom_padding=\u00a0\u00bb27px|0px|54px|0px\u00a0\u00bb][et_pb_row _builder_version=\u00a0\u00bb3.0.89&Prime;][et_pb_column type=\u00a0\u00bb4_4&Prime; _builder_version=\u00a0\u00bb3.0.89&Prime; parallax=\u00a0\u00bboff\u00a0\u00bb parallax_method=\u00a0\u00bbon\u00a0\u00bb][et_pb_text _builder_version=\u00a0\u00bb3.0.89&Prime; header_font=\u00a0\u00bbPlayfair Display||||||||\u00a0\u00bb header_font_size=\u00a0\u00bb44px\u00a0\u00bb] Nos r\u00e9alisations [\/et_pb_text][et_pb_gallery gallery_ids=\u00a0\u00bb185,186,187,188,189,190,191,192,193,194,195,196,197,198,199,200,201,202,203,204,205,206,207,208,209,210,211,212,213,214,215,216,217,218,219,220,221,222,223&Prime; gallery_captions=\u00a0\u00bb,,,,,,,,,,,,,,,,,,,,,,,,,,,,,,,,,,,,,,\u00a0\u00bb posts_number=\u00a0\u00bb50&Prime; show_title_and_caption=\u00a0\u00bboff\u00a0\u00bb _builder_version=\u00a0\u00bb3.0.89&Prime;][\/et_pb_gallery][\/et_pb_column][\/et_pb_row][et_pb_row custom_padding=\u00a0\u00bb95px|0px|27px|0px\u00a0\u00bb _builder_version=\u00a0\u00bb3.0.89&Prime;][et_pb_column type=\u00a0\u00bb4_4&Prime; _builder_version=\u00a0\u00bb3.0.89&Prime; parallax=\u00a0\u00bboff\u00a0\u00bb parallax_method=\u00a0\u00bbon\u00a0\u00bb][et_pb_text _builder_version=\u00a0\u00bb3.0.89&Prime; header_font=\u00a0\u00bbIM Fell Double Pica||on||||||\u00a0\u00bb header_font_size=\u00a0\u00bb60px\u00a0\u00bb header_text_color=\u00a0\u00bb#444444&Prime; header_letter_spacing=\u00a0\u00bb2px\u00a0\u00bb custom_padding=\u00a0\u00bb||60px|\u00a0\u00bb] Que vous souhaitiez restaurer un h\u00e9ritage familial ch\u00e9ri ou m\u00e9tamorphoser un [&hellip;]<\/p>\n","protected":false},"author":1,"featured_media":0,"parent":0,"menu_order":0,"comment_status":"closed","ping_status":"closed","template":"","meta":{"footnotes":""},"class_list":["post-184","page","type-page","status-publish","hentry"],"_links":{"self":[{"href":"https:\/\/tapisserieparis.fr\/index.php?rest_route=\/wp\/v2\/pages\/184","targetHints":{"allow":["GET"]}}],"collection":[{"href":"https:\/\/tapisserieparis.fr\/index.php?rest_route=\/wp\/v2\/pages"}],"about":[{"href":"https:\/\/tapisserieparis.fr\/index.php?rest_route=\/wp\/v2\/types\/page"}],"author":[{"embeddable":true,"href":"https:\/\/tapisserieparis.fr\/index.php?rest_route=\/wp\/v2\/users\/1"}],"replies":[{"embeddable":true,"href":"https:\/\/tapisserieparis.fr\/index.php?rest_route=%2Fwp%2Fv2%2Fcomments&post=184"}],"version-history":[{"count":2,"href":"https:\/\/tapisserieparis.fr\/index.php?rest_route=\/wp\/v2\/pages\/184\/revisions"}],"predecessor-version":[{"id":225,"href":"https:\/\/tapisserieparis.fr\/index.php?rest_route=\/wp\/v2\/pages\/184\/revisions\/225"}],"wp:attachment":[{"href":"https:\/\/tapisserieparis.fr\/index.php?rest_route=%2Fwp%2Fv2%2Fmedia&parent=184"}],"curies":[{"name":"wp","href":"https:\/\/api.w.org\/{rel}","templated":true}]}}