{"id":172,"date":"2023-09-27T22:01:40","date_gmt":"2023-09-27T20:01:40","guid":{"rendered":"https:\/\/tapisserieparis.fr\/?page_id=172"},"modified":"2023-09-27T22:21:31","modified_gmt":"2023-09-27T20:21:31","slug":"contact","status":"publish","type":"page","link":"https:\/\/tapisserieparis.fr\/?page_id=172","title":{"rendered":"Contact"},"content":{"rendered":"<p>[et_pb_section fb_built=\u00a0\u00bb1&Prime; admin_label=\u00a0\u00bbsection\u00a0\u00bb _builder_version=\u00a0\u00bb3.0.47&Prime; custom_padding=\u00a0\u00bb162px|0px|76px|0px\u00a0\u00bb][et_pb_row _builder_version=\u00a0\u00bb3.0.89&Prime;][et_pb_column type=\u00a0\u00bb1_2&Prime; _builder_version=\u00a0\u00bb3.0.89&Prime; parallax=\u00a0\u00bboff\u00a0\u00bb parallax_method=\u00a0\u00bbon\u00a0\u00bb][et_pb_contact_form email=\u00a0\u00bbtapisserieparis@gmail.com\u00a0\u00bb title=\u00a0\u00bbContactez -nous\u00a0\u00bb custom_message=\u00a0\u00bbNouveau message du site web\u00a0\u00bb success_message=\u00a0\u00bbMerci! Votre message \u00e0 bien \u00e9t\u00e9 envoy\u00e9. Nous reviandrons vers vous tr\u00e9s rapidemenet. \u00a0\u00bb submit_button_text=\u00a0\u00bbEnvoyer\u00a0\u00bb module_id=\u00a0\u00bbet_pb_contact_form_0&Prime; _builder_version=\u00a0\u00bb3.0.89&Prime; title_font=\u00a0\u00bbIM Fell DW Pica||||||||\u00a0\u00bb title_font_size=\u00a0\u00bb61px\u00a0\u00bb title_text_color=\u00a0\u00bb#6b6b6b\u00a0\u00bb][et_pb_contact_field field_id=\u00a0\u00bbVotre_nom\u00a0\u00bb field_title=\u00a0\u00bbNom\u00a0\u00bb _builder_version=\u00a0\u00bb3.0.89&Prime; border_radii=\u00a0\u00bbon||||\u00a0\u00bb][\/et_pb_contact_field][et_pb_contact_field field_id=\u00a0\u00bbEmail\u00a0\u00bb field_title=\u00a0\u00bbAdresse e-mail\u00a0\u00bb field_type=\u00a0\u00bbemail\u00a0\u00bb _builder_version=\u00a0\u00bb3.0.89&Prime; border_radii=\u00a0\u00bbon||||\u00a0\u00bb][\/et_pb_contact_field][et_pb_contact_field field_id=\u00a0\u00bbMessage\u00a0\u00bb field_title=\u00a0\u00bbMessage\u00a0\u00bb field_type=\u00a0\u00bbtext\u00a0\u00bb fullwidth_field=\u00a0\u00bbon\u00a0\u00bb _builder_version=\u00a0\u00bb3.0.47&Prime; border_radii=\u00a0\u00bbon||||\u00a0\u00bb][\/et_pb_contact_field][\/et_pb_contact_form][\/et_pb_column][et_pb_column type=\u00a0\u00bb1_2&Prime; _builder_version=\u00a0\u00bb3.0.89&Prime; parallax=\u00a0\u00bboff\u00a0\u00bb parallax_method=\u00a0\u00bbon\u00a0\u00bb][et_pb_social_media_follow _builder_version=\u00a0\u00bb3.0.89&Prime;][\/et_pb_social_media_follow][et_pb_social_media_follow follow_button=\u00a0\u00bbon\u00a0\u00bb _builder_version=\u00a0\u00bb3.0.89&Prime;][et_pb_social_media_follow_network social_network=\u00a0\u00bbfacebook\u00a0\u00bb _builder_version=\u00a0\u00bb3.0.89&Prime; background_color=\u00a0\u00bb#3b5998&Prime; follow_button=\u00a0\u00bbon\u00a0\u00bb url_new_window=\u00a0\u00bbon\u00a0\u00bb]facebook[\/et_pb_social_media_follow_network][et_pb_social_media_follow_network social_network=\u00a0\u00bbinstagram\u00a0\u00bb _builder_version=\u00a0\u00bb3.0.89&Prime; background_color=\u00a0\u00bb#517fa4&Prime; follow_button=\u00a0\u00bbon\u00a0\u00bb url_new_window=\u00a0\u00bbon\u00a0\u00bb]instagram[\/et_pb_social_media_follow_network][\/et_pb_social_media_follow][et_pb_text _builder_version=\u00a0\u00bb3.0.89&Prime; text_font=\u00a0\u00bbAlegreya||||||||\u00a0\u00bb text_font_size=\u00a0\u00bb24px\u00a0\u00bb]<\/p>\n<p>T\u00e9l\u00e9phone : 07 83 49 19 17\u00a0<\/p>\n<p>Adresse : 95 rue Pasteur, 77000 Vaux-le-P\u00e9nil<\/p>\n<p>[\/et_pb_text][\/et_pb_column][\/et_pb_row][et_pb_row _builder_version=\u00a0\u00bb3.0.89&Prime;][et_pb_column type=\u00a0\u00bb4_4&Prime; _builder_version=\u00a0\u00bb3.0.89&Prime; parallax=\u00a0\u00bboff\u00a0\u00bb parallax_method=\u00a0\u00bbon\u00a0\u00bb][et_pb_code _builder_version=\u00a0\u00bb3.0.89&Prime;]&lt;iframe src=&quot;https:\/\/www.google.com\/maps\/embed?pb=!1m18!1m12!1m3!1d2642.0239951689614!2d2.685770212311457!3d48.53277187117001!2m3!1f0!2f0!3f0!3m2!1i1024!2i768!4f13.1!3m3!1m2!1s0x47e5fa05d3e58a2f%3A0xf0742c5dc089f675!2s95%20Rue%20Pasteur%2C%2077000%20Vaux-le-P%C3%A9nil!5e0!3m2!1sfr!2sfr!4v1695846024092!5m2!1sfr!2sfr&quot; width=&quot;1000&quot; height=&quot;600&quot; style=&quot;border:0;&quot; allowfullscreen=&quot;&quot; loading=&quot;lazy&quot; referrerpolicy=&quot;no-referrer-when-downgrade&quot;&gt;&lt;\/iframe&gt;[\/et_pb_code][\/et_pb_column][\/et_pb_row][\/et_pb_section]<\/p>\n","protected":false},"excerpt":{"rendered":"<p>[et_pb_section fb_built=\u00a0\u00bb1&Prime; admin_label=\u00a0\u00bbsection\u00a0\u00bb _builder_version=\u00a0\u00bb3.0.47&Prime; custom_padding=\u00a0\u00bb162px|0px|76px|0px\u00a0\u00bb][et_pb_row _builder_version=\u00a0\u00bb3.0.89&Prime;][et_pb_column type=\u00a0\u00bb1_2&Prime; _builder_version=\u00a0\u00bb3.0.89&Prime; parallax=\u00a0\u00bboff\u00a0\u00bb parallax_method=\u00a0\u00bbon\u00a0\u00bb][et_pb_contact_form email=\u00a0\u00bbtapisserieparis@gmail.com\u00a0\u00bb title=\u00a0\u00bbContactez -nous\u00a0\u00bb custom_message=\u00a0\u00bbNouveau message du site web\u00a0\u00bb success_message=\u00a0\u00bbMerci! Votre message \u00e0 bien \u00e9t\u00e9 envoy\u00e9. Nous reviandrons vers vous tr\u00e9s rapidemenet. \u00a0\u00bb submit_button_text=\u00a0\u00bbEnvoyer\u00a0\u00bb module_id=\u00a0\u00bbet_pb_contact_form_0&Prime; _builder_version=\u00a0\u00bb3.0.89&Prime; title_font=\u00a0\u00bbIM Fell DW Pica||||||||\u00a0\u00bb title_font_size=\u00a0\u00bb61px\u00a0\u00bb title_text_color=\u00a0\u00bb#6b6b6b\u00a0\u00bb][et_pb_contact_field field_id=\u00a0\u00bbVotre_nom\u00a0\u00bb field_title=\u00a0\u00bbNom\u00a0\u00bb _builder_version=\u00a0\u00bb3.0.89&Prime; border_radii=\u00a0\u00bbon||||\u00a0\u00bb][\/et_pb_contact_field][et_pb_contact_field field_id=\u00a0\u00bbEmail\u00a0\u00bb field_title=\u00a0\u00bbAdresse e-mail\u00a0\u00bb field_type=\u00a0\u00bbemail\u00a0\u00bb _builder_version=\u00a0\u00bb3.0.89&Prime; border_radii=\u00a0\u00bbon||||\u00a0\u00bb][\/et_pb_contact_field][et_pb_contact_field field_id=\u00a0\u00bbMessage\u00a0\u00bb field_title=\u00a0\u00bbMessage\u00a0\u00bb field_type=\u00a0\u00bbtext\u00a0\u00bb fullwidth_field=\u00a0\u00bbon\u00a0\u00bb [&hellip;]<\/p>\n","protected":false},"author":1,"featured_media":0,"parent":0,"menu_order":0,"comment_status":"closed","ping_status":"closed","template":"","meta":{"footnotes":""},"class_list":["post-172","page","type-page","status-publish","hentry"],"_links":{"self":[{"href":"https:\/\/tapisserieparis.fr\/index.php?rest_route=\/wp\/v2\/pages\/172","targetHints":{"allow":["GET"]}}],"collection":[{"href":"https:\/\/tapisserieparis.fr\/index.php?rest_route=\/wp\/v2\/pages"}],"about":[{"href":"https:\/\/tapisserieparis.fr\/index.php?rest_route=\/wp\/v2\/types\/page"}],"author":[{"embeddable":true,"href":"https:\/\/tapisserieparis.fr\/index.php?rest_route=\/wp\/v2\/users\/1"}],"replies":[{"embeddable":true,"href":"https:\/\/tapisserieparis.fr\/index.php?rest_route=%2Fwp%2Fv2%2Fcomments&post=172"}],"version-history":[{"count":6,"href":"https:\/\/tapisserieparis.fr\/index.php?rest_route=\/wp\/v2\/pages\/172\/revisions"}],"predecessor-version":[{"id":181,"href":"https:\/\/tapisserieparis.fr\/index.php?rest_route=\/wp\/v2\/pages\/172\/revisions\/181"}],"wp:attachment":[{"href":"https:\/\/tapisserieparis.fr\/index.php?rest_route=%2Fwp%2Fv2%2Fmedia&parent=172"}],"curies":[{"name":"wp","href":"https:\/\/api.w.org\/{rel}","templated":true}]}}