{"id":151,"date":"2023-09-01T17:01:19","date_gmt":"2023-09-01T15:01:19","guid":{"rendered":"https:\/\/tapisserieparis.fr\/?page_id=151"},"modified":"2023-09-01T19:01:12","modified_gmt":"2023-09-01T17:01:12","slug":"tete-de-lit-sur-mesure","status":"publish","type":"page","link":"https:\/\/tapisserieparis.fr\/?page_id=151","title":{"rendered":"T\u00eate de lit sur mesure"},"content":{"rendered":"<p>[et_pb_section fb_built=\u00a0\u00bb1&Prime; admin_label=\u00a0\u00bbsection\u00a0\u00bb _builder_version=\u00a0\u00bb3.0.89&Prime; background_image=\u00a0\u00bbhttp:\/\/tapisserieparis.fr\/wp-content\/uploads\/2023\/09\/Capture-decran-2023-09-01-a-16.55.56.png\u00a0\u00bb custom_padding=\u00a0\u00bb111px|0px|284px|0px\u00a0\u00bb][et_pb_row custom_padding=\u00a0\u00bb163px|0px|0px|0px\u00a0\u00bb _builder_version=\u00a0\u00bb3.0.89&Prime;][et_pb_column type=\u00a0\u00bb4_4&Prime; _builder_version=\u00a0\u00bb3.0.89&Prime; parallax=\u00a0\u00bboff\u00a0\u00bb parallax_method=\u00a0\u00bbon\u00a0\u00bb][et_pb_text _builder_version=\u00a0\u00bb3.0.89&Prime; header_font=\u00a0\u00bbIM Fell DW Pica||||||||\u00a0\u00bb header_font_size=\u00a0\u00bb51px\u00a0\u00bb]<\/p>\n<h1><span style=\"color: #ffffff;\">Cr\u00e9ation de t\u00eates de lit sur mesure<\/span><\/h1>\n<p>[\/et_pb_text][\/et_pb_column][\/et_pb_row][\/et_pb_section][et_pb_section fb_built=\u00a0\u00bb1&Prime; _builder_version=\u00a0\u00bb3.0.89&Prime; custom_padding=\u00a0\u00bb2px|0px|54px|0px\u00a0\u00bb][et_pb_row custom_padding=\u00a0\u00bb66px|0px|27px|0px\u00a0\u00bb _builder_version=\u00a0\u00bb3.0.89&Prime;][et_pb_column type=\u00a0\u00bb1_2&Prime; _builder_version=\u00a0\u00bb3.0.89&Prime; parallax=\u00a0\u00bboff\u00a0\u00bb parallax_method=\u00a0\u00bbon\u00a0\u00bb][et_pb_text _builder_version=\u00a0\u00bb3.0.89&Prime; text_font=\u00a0\u00bbAlegreya||||||||\u00a0\u00bb text_font_size=\u00a0\u00bb19px\u00a0\u00bb text_text_color=\u00a0\u00bb#353535&Prime;]<\/p>\n<p><span style=\"font-size: 19px;\"><b><i>\u00a0Cr\u00e9ation de t\u00eates de lit sur mesure<\/i><\/b><\/span><\/p>\n<p><span style=\"font-size: 19px;\">Que vous ayez une id\u00e9e pr\u00e9cise en t\u00eate ou que vous recherchiez des conseils pour concevoir une t\u00eate de lit qui correspond parfaitement \u00e0 votre style et \u00e0 votre espace, nous sommes l\u00e0 pour vous accompagner.<\/span><\/p>\n<p>Une t\u00eate de lit est bien plus qu&rsquo;un simple \u00e9l\u00e9ment de d\u00e9coration pour votre chambre \u00e0 coucher. Elle offre de nombreux avantages qui contribuent \u00e0 cr\u00e9er un espace de repos exceptionnel. Voici quelques-uns des b\u00e9n\u00e9fices incontestables d&rsquo;une t\u00eate de lit bien choisie : <br \/><strong style=\"font-size: 19px;\">Confort Suppl\u00e9mentaire<\/strong><span style=\"font-size: 19px;\"> : Lorsque vous aimez lire au lit ou regarder la t\u00e9l\u00e9vision, une t\u00eate de lit rembourr\u00e9e vous offre un soutien confortable pour le dos, vous permettant de vous d\u00e9tendre pendant des heures sans ressentir de g\u00eane.<br \/><\/span><strong style=\"font-size: 19px;\">Protection Murale<\/strong><span style=\"font-size: 19px;\"> : Une t\u00eate de lit prot\u00e8ge votre mur des \u00e9raflures, des marques et des taches. Elle agit comme une barri\u00e8re efficace contre l&rsquo;usure due au contact direct avec le mur.<br \/><\/span><strong style=\"font-size: 19px;\">Isolation Phonique<\/strong><span style=\"font-size: 19px;\"> : Une t\u00eate de lit en tissu \u00e9pais ou rembourr\u00e9e peut \u00e9galement contribuer \u00e0 att\u00e9nuer les bruits ind\u00e9sirables, offrant ainsi un environnement plus calme et paisible pour votre sommeil.<br \/><\/span><strong style=\"font-size: 19px;\">Esth\u00e9tique et Personnalisation<\/strong><span style=\"font-size: 19px;\"> : Une t\u00eate de lit constitue un \u00e9l\u00e9ment central dans la d\u00e9coration de votre chambre \u00e0 coucher. Elle permet d&rsquo;ajouter une touche de style et de personnalit\u00e9 \u00e0 l&rsquo;ensemble de la pi\u00e8ce, cr\u00e9ant ainsi une ambiance qui vous ressemble.<br \/><\/span><strong style=\"font-size: 19px;\">Protection contre les Courants d&rsquo;Air<\/strong><span style=\"font-size: 19px;\"> : En hiver, une t\u00eate de lit peut agir comme une barri\u00e8re suppl\u00e9mentaire contre les courants d&rsquo;air froids venant du mur, vous gardant ainsi bien au chaud.<\/span><\/p>\n<p>[\/et_pb_text][\/et_pb_column][et_pb_column type=\u00a0\u00bb1_2&Prime; _builder_version=\u00a0\u00bb3.0.89&Prime; parallax=\u00a0\u00bboff\u00a0\u00bb parallax_method=\u00a0\u00bbon\u00a0\u00bb][et_pb_image src=\u00a0\u00bbhttp:\/\/tapisserieparis.fr\/wp-content\/uploads\/2023\/09\/Capture-decran-2023-09-01-a-16.48.46.png\u00a0\u00bb align=\u00a0\u00bbright\u00a0\u00bb _builder_version=\u00a0\u00bb3.0.89&Prime; custom_margin=\u00a0\u00bb60px|||\u00a0\u00bb][\/et_pb_image][\/et_pb_column][\/et_pb_row][et_pb_row custom_padding=\u00a0\u00bb0px|0px|27px|0px\u00a0\u00bb _builder_version=\u00a0\u00bb3.0.89&Prime;][et_pb_column type=\u00a0\u00bb4_4&Prime; _builder_version=\u00a0\u00bb3.0.89&Prime; parallax=\u00a0\u00bboff\u00a0\u00bb parallax_method=\u00a0\u00bbon\u00a0\u00bb][et_pb_text _builder_version=\u00a0\u00bb3.0.89&Prime; text_font=\u00a0\u00bbAlegreya||||||||\u00a0\u00bb text_font_size=\u00a0\u00bb19px\u00a0\u00bb text_text_color=\u00a0\u00bb#353535&Prime;]<\/p>\n<p><span>En r\u00e9sum\u00e9, une t\u00eate de lit est bien plus qu&rsquo;un simple accessoire de d\u00e9coration. Elle am\u00e9liore le confort, l&rsquo;isolation, l&rsquo;esth\u00e9tique et la personnalisation de votre espace de sommeil. Investir dans une t\u00eate de lit de qualit\u00e9 est un moyen judicieux d&rsquo;optimiser votre espace et de cr\u00e9er une chambre \u00e0 coucher confortable et \u00e9l\u00e9gante<\/span><\/p>\n<ol><\/ol>\n<p>[\/et_pb_text][\/et_pb_column][\/et_pb_row][\/et_pb_section]<\/p>\n","protected":false},"excerpt":{"rendered":"<p>[et_pb_section fb_built=\u00a0\u00bb1&Prime; admin_label=\u00a0\u00bbsection\u00a0\u00bb _builder_version=\u00a0\u00bb3.0.89&Prime; background_image=\u00a0\u00bbhttp:\/\/tapisserieparis.fr\/wp-content\/uploads\/2023\/09\/Capture-decran-2023-09-01-a-16.55.56.png\u00a0\u00bb custom_padding=\u00a0\u00bb111px|0px|284px|0px\u00a0\u00bb][et_pb_row custom_padding=\u00a0\u00bb163px|0px|0px|0px\u00a0\u00bb _builder_version=\u00a0\u00bb3.0.89&Prime;][et_pb_column type=\u00a0\u00bb4_4&Prime; _builder_version=\u00a0\u00bb3.0.89&Prime; parallax=\u00a0\u00bboff\u00a0\u00bb parallax_method=\u00a0\u00bbon\u00a0\u00bb][et_pb_text _builder_version=\u00a0\u00bb3.0.89&Prime; header_font=\u00a0\u00bbIM Fell DW Pica||||||||\u00a0\u00bb header_font_size=\u00a0\u00bb51px\u00a0\u00bb] Cr\u00e9ation de t\u00eates de lit sur mesure [\/et_pb_text][\/et_pb_column][\/et_pb_row][\/et_pb_section][et_pb_section fb_built=\u00a0\u00bb1&Prime; _builder_version=\u00a0\u00bb3.0.89&Prime; custom_padding=\u00a0\u00bb2px|0px|54px|0px\u00a0\u00bb][et_pb_row custom_padding=\u00a0\u00bb66px|0px|27px|0px\u00a0\u00bb _builder_version=\u00a0\u00bb3.0.89&Prime;][et_pb_column type=\u00a0\u00bb1_2&Prime; _builder_version=\u00a0\u00bb3.0.89&Prime; parallax=\u00a0\u00bboff\u00a0\u00bb parallax_method=\u00a0\u00bbon\u00a0\u00bb][et_pb_text _builder_version=\u00a0\u00bb3.0.89&Prime; text_font=\u00a0\u00bbAlegreya||||||||\u00a0\u00bb text_font_size=\u00a0\u00bb19px\u00a0\u00bb text_text_color=\u00a0\u00bb#353535&Prime;] \u00a0Cr\u00e9ation de t\u00eates de lit sur mesure Que vous ayez une id\u00e9e pr\u00e9cise en t\u00eate ou [&hellip;]<\/p>\n","protected":false},"author":1,"featured_media":0,"parent":0,"menu_order":0,"comment_status":"closed","ping_status":"closed","template":"","meta":{"footnotes":""},"class_list":["post-151","page","type-page","status-publish","hentry"],"_links":{"self":[{"href":"https:\/\/tapisserieparis.fr\/index.php?rest_route=\/wp\/v2\/pages\/151","targetHints":{"allow":["GET"]}}],"collection":[{"href":"https:\/\/tapisserieparis.fr\/index.php?rest_route=\/wp\/v2\/pages"}],"about":[{"href":"https:\/\/tapisserieparis.fr\/index.php?rest_route=\/wp\/v2\/types\/page"}],"author":[{"embeddable":true,"href":"https:\/\/tapisserieparis.fr\/index.php?rest_route=\/wp\/v2\/users\/1"}],"replies":[{"embeddable":true,"href":"https:\/\/tapisserieparis.fr\/index.php?rest_route=%2Fwp%2Fv2%2Fcomments&post=151"}],"version-history":[{"count":4,"href":"https:\/\/tapisserieparis.fr\/index.php?rest_route=\/wp\/v2\/pages\/151\/revisions"}],"predecessor-version":[{"id":164,"href":"https:\/\/tapisserieparis.fr\/index.php?rest_route=\/wp\/v2\/pages\/151\/revisions\/164"}],"wp:attachment":[{"href":"https:\/\/tapisserieparis.fr\/index.php?rest_route=%2Fwp%2Fv2%2Fmedia&parent=151"}],"curies":[{"name":"wp","href":"https:\/\/api.w.org\/{rel}","templated":true}]}}