{"id":129,"date":"2023-09-01T10:38:35","date_gmt":"2023-09-01T08:38:35","guid":{"rendered":"https:\/\/tapisserieparis.fr\/?page_id=129"},"modified":"2023-09-01T18:57:49","modified_gmt":"2023-09-01T16:57:49","slug":"refection-de-fauteils-et-de-chaises","status":"publish","type":"page","link":"https:\/\/tapisserieparis.fr\/?page_id=129","title":{"rendered":"Refection de fauteils et de chaises"},"content":{"rendered":"<p>[et_pb_section fb_built=\u00a0\u00bb1&Prime; admin_label=\u00a0\u00bbsection\u00a0\u00bb _builder_version=\u00a0\u00bb3.0.89&Prime; background_image=\u00a0\u00bbhttp:\/\/tapisserieparis.fr\/wp-content\/uploads\/2023\/09\/fauteuil-jaune.jpeg\u00a0\u00bb custom_padding=\u00a0\u00bb111px|0px|410px|0px\u00a0\u00bb][et_pb_row custom_padding=\u00a0\u00bb0px|0px|0px|0px\u00a0\u00bb _builder_version=\u00a0\u00bb3.0.89&Prime;][et_pb_column type=\u00a0\u00bb4_4&Prime; _builder_version=\u00a0\u00bb3.0.89&Prime; parallax=\u00a0\u00bboff\u00a0\u00bb parallax_method=\u00a0\u00bbon\u00a0\u00bb][et_pb_text _builder_version=\u00a0\u00bb3.0.89&Prime; header_font=\u00a0\u00bbIM Fell DW Pica||||||||\u00a0\u00bb header_font_size=\u00a0\u00bb51px\u00a0\u00bb]<\/p>\n<h1>R\u00e9fection fauteuils et chaises<\/h1>\n<p>[\/et_pb_text][\/et_pb_column][\/et_pb_row][\/et_pb_section][et_pb_section fb_built=\u00a0\u00bb1&Prime; _builder_version=\u00a0\u00bb3.0.89&Prime; custom_padding=\u00a0\u00bb2px|0px|54px|0px\u00a0\u00bb][et_pb_row custom_padding=\u00a0\u00bb66px|0px|27px|0px\u00a0\u00bb _builder_version=\u00a0\u00bb3.0.89&Prime;][et_pb_column type=\u00a0\u00bb1_2&Prime; _builder_version=\u00a0\u00bb3.0.89&Prime; parallax=\u00a0\u00bboff\u00a0\u00bb parallax_method=\u00a0\u00bbon\u00a0\u00bb][et_pb_text _builder_version=\u00a0\u00bb3.0.89&Prime; text_font=\u00a0\u00bbAlegreya||||||||\u00a0\u00bb text_font_size=\u00a0\u00bb19px\u00a0\u00bb text_text_color=\u00a0\u00bb#353535&Prime;]<\/p>\n<p><em><strong>R\u00e9fection de fauteuils<\/strong><\/em><\/p>\n<p>Plongez dans l&rsquo;univers de la r\u00e9novation de fauteuils, o\u00f9 notre \u00e9quipe d&rsquo;artisans tapissiers excelle dans l&rsquo;art de redonner vie \u00e0 vos meubles pr\u00e9f\u00e9r\u00e9s. Chez nous, la magie op\u00e8re du simple recouvrement \u00e0 la r\u00e9fection totale, et tout cela, avec une touche artisanale qui sublime la qualit\u00e9 de chaque pi\u00e8ce.<\/p>\n<p>Avez-vous envie de rafra\u00eechir votre int\u00e9rieur ? Vous \u00eates attach\u00e9 \u00e0 un fauteuil qui semble \u00eatre rest\u00e9 dans une autre \u00e9poque ?<\/p>\n<p>La r\u00e9fection est la solution parfaite pour m\u00e9tamorphoser votre mobilier sans avoir \u00e0 le remplacer. Nous offrons une palette vari\u00e9e de mat\u00e9riaux, de styles et de techniques pour personnaliser votre meuble, afin qu&rsquo;il corresponde pleinement \u00e0 vos go\u00fbts et \u00e0 votre vision de la d\u00e9coration int\u00e9rieure.<\/p>\n<p>[\/et_pb_text][\/et_pb_column][et_pb_column type=\u00a0\u00bb1_2&Prime; _builder_version=\u00a0\u00bb3.0.89&Prime; parallax=\u00a0\u00bboff\u00a0\u00bb parallax_method=\u00a0\u00bbon\u00a0\u00bb][et_pb_image src=\u00a0\u00bbhttp:\/\/tapisserieparis.fr\/wp-content\/uploads\/2023\/09\/Capture-decran-2023-09-01-a-14.37.50.png\u00a0\u00bb _builder_version=\u00a0\u00bb3.0.89&Prime;][\/et_pb_image][\/et_pb_column][\/et_pb_row][et_pb_row custom_padding=\u00a0\u00bb54px|0px|27px|0px\u00a0\u00bb _builder_version=\u00a0\u00bb3.0.89&Prime; module_alignment=\u00a0\u00bbcenter\u00a0\u00bb][et_pb_column type=\u00a0\u00bb1_2&Prime; _builder_version=\u00a0\u00bb3.0.89&Prime; parallax=\u00a0\u00bboff\u00a0\u00bb parallax_method=\u00a0\u00bbon\u00a0\u00bb][et_pb_image src=\u00a0\u00bbhttp:\/\/tapisserieparis.fr\/wp-content\/uploads\/2023\/09\/Capture-decran-2023-09-01-a-14.45.30.png\u00a0\u00bb _builder_version=\u00a0\u00bb3.0.89&Prime;][\/et_pb_image][\/et_pb_column][et_pb_column type=\u00a0\u00bb1_2&Prime; _builder_version=\u00a0\u00bb3.0.89&Prime; parallax=\u00a0\u00bboff\u00a0\u00bb parallax_method=\u00a0\u00bbon\u00a0\u00bb][et_pb_text _builder_version=\u00a0\u00bb3.0.89&Prime; text_font=\u00a0\u00bbAlegreya||||||||\u00a0\u00bb text_font_size=\u00a0\u00bb19px\u00a0\u00bb text_text_color=\u00a0\u00bb#353535&Prime;]<\/p>\n<p>\u00a0<em><strong>R\u00e9fection de chaises<\/strong><\/em><\/p>\n<p>Des si\u00e8ges fatigu\u00e9s, des assises affaiss\u00e9es, des dossiers qui ont vu le temps passer ? Vos chaises anciennes r\u00e9clament une attention toute particuli\u00e8re et un savoir-faire expert.<\/p>\n<p>Chaque si\u00e8ge a son histoire unique, peut-\u00eatre fa\u00e7onn\u00e9 avec une garniture sp\u00e9cifique ou un nombre pr\u00e9cis de points de couture en fonction de son \u00e9poque et de son style.<\/p>\n<p>Chez nous, chaque projet, chaque r\u00e9alisation, est trait\u00e9 avec le plus grand soin et exige l&rsquo;ensemble de notre expertise pour redonner vie \u00e0 votre mobilier, en lui rendant tout son \u00e9clat et en le mettant en valeur de fa\u00e7on exceptionnelle.<\/p>\n<p>[\/et_pb_text][\/et_pb_column][\/et_pb_row][\/et_pb_section]<\/p>\n","protected":false},"excerpt":{"rendered":"<p>[et_pb_section fb_built=\u00a0\u00bb1&Prime; admin_label=\u00a0\u00bbsection\u00a0\u00bb _builder_version=\u00a0\u00bb3.0.89&Prime; background_image=\u00a0\u00bbhttp:\/\/tapisserieparis.fr\/wp-content\/uploads\/2023\/09\/fauteuil-jaune.jpeg\u00a0\u00bb custom_padding=\u00a0\u00bb111px|0px|410px|0px\u00a0\u00bb][et_pb_row custom_padding=\u00a0\u00bb0px|0px|0px|0px\u00a0\u00bb _builder_version=\u00a0\u00bb3.0.89&Prime;][et_pb_column type=\u00a0\u00bb4_4&Prime; _builder_version=\u00a0\u00bb3.0.89&Prime; parallax=\u00a0\u00bboff\u00a0\u00bb parallax_method=\u00a0\u00bbon\u00a0\u00bb][et_pb_text _builder_version=\u00a0\u00bb3.0.89&Prime; header_font=\u00a0\u00bbIM Fell DW Pica||||||||\u00a0\u00bb header_font_size=\u00a0\u00bb51px\u00a0\u00bb] R\u00e9fection fauteuils et chaises [\/et_pb_text][\/et_pb_column][\/et_pb_row][\/et_pb_section][et_pb_section fb_built=\u00a0\u00bb1&Prime; _builder_version=\u00a0\u00bb3.0.89&Prime; custom_padding=\u00a0\u00bb2px|0px|54px|0px\u00a0\u00bb][et_pb_row custom_padding=\u00a0\u00bb66px|0px|27px|0px\u00a0\u00bb _builder_version=\u00a0\u00bb3.0.89&Prime;][et_pb_column type=\u00a0\u00bb1_2&Prime; _builder_version=\u00a0\u00bb3.0.89&Prime; parallax=\u00a0\u00bboff\u00a0\u00bb parallax_method=\u00a0\u00bbon\u00a0\u00bb][et_pb_text _builder_version=\u00a0\u00bb3.0.89&Prime; text_font=\u00a0\u00bbAlegreya||||||||\u00a0\u00bb text_font_size=\u00a0\u00bb19px\u00a0\u00bb text_text_color=\u00a0\u00bb#353535&Prime;] R\u00e9fection de fauteuils Plongez dans l&rsquo;univers de la r\u00e9novation de fauteuils, o\u00f9 notre \u00e9quipe d&rsquo;artisans tapissiers excelle dans l&rsquo;art [&hellip;]<\/p>\n","protected":false},"author":1,"featured_media":0,"parent":0,"menu_order":0,"comment_status":"closed","ping_status":"closed","template":"","meta":{"footnotes":""},"class_list":["post-129","page","type-page","status-publish","hentry"],"_links":{"self":[{"href":"https:\/\/tapisserieparis.fr\/index.php?rest_route=\/wp\/v2\/pages\/129","targetHints":{"allow":["GET"]}}],"collection":[{"href":"https:\/\/tapisserieparis.fr\/index.php?rest_route=\/wp\/v2\/pages"}],"about":[{"href":"https:\/\/tapisserieparis.fr\/index.php?rest_route=\/wp\/v2\/types\/page"}],"author":[{"embeddable":true,"href":"https:\/\/tapisserieparis.fr\/index.php?rest_route=\/wp\/v2\/users\/1"}],"replies":[{"embeddable":true,"href":"https:\/\/tapisserieparis.fr\/index.php?rest_route=%2Fwp%2Fv2%2Fcomments&post=129"}],"version-history":[{"count":7,"href":"https:\/\/tapisserieparis.fr\/index.php?rest_route=\/wp\/v2\/pages\/129\/revisions"}],"predecessor-version":[{"id":161,"href":"https:\/\/tapisserieparis.fr\/index.php?rest_route=\/wp\/v2\/pages\/129\/revisions\/161"}],"wp:attachment":[{"href":"https:\/\/tapisserieparis.fr\/index.php?rest_route=%2Fwp%2Fv2%2Fmedia&parent=129"}],"curies":[{"name":"wp","href":"https:\/\/api.w.org\/{rel}","templated":true}]}}